{"id":1146,"date":"2025-04-15T09:29:42","date_gmt":"2025-04-15T13:29:42","guid":{"rendered":"https:\/\/soulangesirishsociety.org\/?page_id=1146"},"modified":"2025-12-23T21:46:38","modified_gmt":"2025-12-24T02:46:38","slug":"demande-de-participation-au-defile-2","status":"publish","type":"page","link":"https:\/\/soulangesirishsociety.org\/fr\/demande-de-participation-au-defile-2\/","title":{"rendered":"Demande de participation au d\u00e9fil\u00e9 de la Saint-Patrick \u00e0 Hudson"},"content":{"rendered":"","protected":false},"excerpt":{"rendered":"","protected":false},"author":1,"featured_media":0,"parent":0,"menu_order":0,"comment_status":"closed","ping_status":"closed","template":"","meta":{"pmpro_default_level":"","footnotes":""},"class_list":["post-1146","page","type-page","status-publish","hentry","pmpro-has-access"],"_links":{"self":[{"href":"https:\/\/soulangesirishsociety.org\/fr\/wp-json\/wp\/v2\/pages\/1146","targetHints":{"allow":["GET"]}}],"collection":[{"href":"https:\/\/soulangesirishsociety.org\/fr\/wp-json\/wp\/v2\/pages"}],"about":[{"href":"https:\/\/soulangesirishsociety.org\/fr\/wp-json\/wp\/v2\/types\/page"}],"author":[{"embeddable":true,"href":"https:\/\/soulangesirishsociety.org\/fr\/wp-json\/wp\/v2\/users\/1"}],"replies":[{"embeddable":true,"href":"https:\/\/soulangesirishsociety.org\/fr\/wp-json\/wp\/v2\/comments?post=1146"}],"version-history":[{"count":2,"href":"https:\/\/soulangesirishsociety.org\/fr\/wp-json\/wp\/v2\/pages\/1146\/revisions"}],"predecessor-version":[{"id":1286,"href":"https:\/\/soulangesirishsociety.org\/fr\/wp-json\/wp\/v2\/pages\/1146\/revisions\/1286"}],"wp:attachment":[{"href":"https:\/\/soulangesirishsociety.org\/fr\/wp-json\/wp\/v2\/media?parent=1146"}],"curies":[{"name":"wp","href":"https:\/\/api.w.org\/{rel}","templated":true}]}}